{"id":4524,"date":"2025-03-01T11:38:43","date_gmt":"2025-03-01T11:38:43","guid":{"rendered":"https:\/\/www.brokeriai.lt\/?post_type=product&#038;p=4524"},"modified":"2026-01-27T11:40:24","modified_gmt":"2026-01-27T11:40:24","slug":"silko-uzpildo-antklode-17-kg-100-silko-140x200-cm","status":"publish","type":"product","link":"https:\/\/silkrest.eu\/lt\/produktas\/silko-uzpildo-antklode-17-kg-100-silko-140x200-cm\/","title":{"rendered":"\u0160ilkin\u0117 antklod\u0117 su 100 % \u0161ilko u\u017epildu (1,7 kg), 140&#215;200 cm"},"content":{"rendered":"<p data-start=\"0\" data-end=\"44\">Kv\u0117puojanti, puri ir mink\u0161ta 100 % Mulberry \u0161ilko u\u017epildo antklod\u0117, kuri apgaubs jus lyg debes\u0117lis, suteikdama poilsio d\u017eiaugsm\u0105 kiekvien\u0105 nakt\u012f! Nat\u016bralus \u0161ilkas suteikia auk\u0161\u010diausio lygio komfort\u0105 ir nat\u016bral\u0173 termoreguliavim\u0105.<\/p>\n<p data-start=\"474\" data-end=\"699\">\u2705 <strong data-start=\"476\" data-end=\"526\">Vir\u0161utinis sluoksnis \u2013 100 % nat\u016brali medviln\u0117<\/strong>, suteikianti nepakartojamo \u0161velnumo ir jaukumo.<br data-start=\"574\" data-end=\"577\" \/>\u2705 <strong data-start=\"579\" data-end=\"625\">U\u017epildas \u2013 100 % nat\u016bralus Mulberry \u0161ilkas<\/strong>, kuris \u0161velniai priglunda prie k\u016bno ir nat\u016braliai reguliuoja temperat\u016br\u0105.<\/p>\n<p data-path-to-node=\"3,0\">\u0160i <strong data-path-to-node=\"3,0\" data-index-in-node=\"3\">140&#215;200 cm \u0161ilkin\u0117 antklod\u0117<\/strong>\u00a0\u2013 populiariausias pasirinkimas viengulei lovai, u\u017etikrinantis Karali\u0161k\u0105 poils\u012f i\u0161tisus metus. Visi gaminiai u\u017epildyti\u00a0<strong data-path-to-node=\"3,0\" data-index-in-node=\"148\">A6 klas\u0117s, <\/strong><strong data-path-to-node=\"3,0\" data-index-in-node=\"148\">100% nat\u016braliu Mulberry \u0161ilku,<\/strong>\u00a0kuris pasi\u017eymi tobula termoreguliacija ir yra be proto\u00a0pur\u016bs:<\/p>\n<ul>\n<li>\n<p data-path-to-node=\"3,1,0,0\"><strong data-path-to-node=\"3,1,0,0\" data-index-in-node=\"0\">Vasarai ir \u017eiemai:<\/strong> Rinkit\u0117s skirtingo svorio (kg.) u\u017epildus \u2013 lengvesnius vasar\u0105 arba storesnius jaukiai \u0161ilumai \u017eiem\u0105.<\/p>\n<\/li>\n<li>\n<p data-path-to-node=\"3,1,1,0\"><strong data-path-to-node=\"3,1,1,0\" data-index-in-node=\"0\">Sveikas miegas:<\/strong> \u0160ilkas yra nat\u016braliai hipoalerginis, tod\u0117l tai geriausia antklod\u0117 jautriai odai ar alergi\u0161kiems \u017emon\u0117ms.<\/p>\n<\/li>\n<li>\n<p data-path-to-node=\"3,1,2,0\"><strong data-path-to-node=\"3,1,2,0\" data-index-in-node=\"0\">Kokyb\u0117:<\/strong> Sertifikuotas ilgapluo\u0161tis \u0161ilkas i\u0161lieka purus, nekrenta \u012f gumulus ir leid\u017eia k\u016bnui kv\u0117puoti. Niekada nejusite prakaitavimo, nekaitins kaip sintetiniai u\u017epildai.<\/p>\n<\/li>\n<\/ul>\n<p data-path-to-node=\"3,1,2,0\">I\u0161sirinkite j\u016bs\u0173 poreikius atitinkant\u012f svor\u012f ir pajuskite \u0161ilum\u0105 ir lengvum\u0105, kur\u012f suteikia tikra <strong data-path-to-node=\"3,1,2,0\" data-index-in-node=\"191\">\u0161ilko antklod\u0117<\/strong>.<\/p>\n","protected":false},"excerpt":{"rendered":"<p>Tai \u0161ilumos ir lengvumo harmonija, kuri apkabina tave lyg mylimas gl\u0117bys. Ji kv\u0117puoja kartu su tavimi, leisdama atsipalaiduoti ir pasinerti \u012f giliausi\u0105 poils\u012f. Su \u0161ilku kiekviena naktis tampa tylia \u0161ventove, kurioje atgauni j\u0117gas k\u016bnui ir sielai.<\/p>\n","protected":false},"featured_media":4517,"comment_status":"open","ping_status":"closed","template":"","meta":[],"product_brand":[],"product_cat":[133,107,136,131],"product_tag":[555,404],"class_list":{"0":"post-4524","1":"product","2":"type-product","3":"status-publish","4":"has-post-thumbnail","6":"product_cat-silko-antklodes","7":"product_cat-silkine-patalyne","8":"product_cat-akcijos","9":"product_cat-visos-prekes-is-silko","10":"product_tag-prabangios-vestuviu-dovanos","11":"product_tag-silkine-antklode-140x200-cm","12":"nt-post-class","13":"","19":"first","20":"instock","21":"shipping-taxable","22":"purchasable","23":"product-type-simple"},"_links":{"self":[{"href":"https:\/\/silkrest.eu\/lt\/wp-json\/wp\/v2\/product\/4524","targetHints":{"allow":["GET"]}}],"collection":[{"href":"https:\/\/silkrest.eu\/lt\/wp-json\/wp\/v2\/product"}],"about":[{"href":"https:\/\/silkrest.eu\/lt\/wp-json\/wp\/v2\/types\/product"}],"replies":[{"embeddable":true,"href":"https:\/\/silkrest.eu\/lt\/wp-json\/wp\/v2\/comments?post=4524"}],"version-history":[{"count":7,"href":"https:\/\/silkrest.eu\/lt\/wp-json\/wp\/v2\/product\/4524\/revisions"}],"predecessor-version":[{"id":12168,"href":"https:\/\/silkrest.eu\/lt\/wp-json\/wp\/v2\/product\/4524\/revisions\/12168"}],"wp:featuredmedia":[{"embeddable":true,"href":"https:\/\/silkrest.eu\/lt\/wp-json\/wp\/v2\/media\/4517"}],"wp:attachment":[{"href":"https:\/\/silkrest.eu\/lt\/wp-json\/wp\/v2\/media?parent=4524"}],"wp:term":[{"taxonomy":"product_brand","embeddable":true,"href":"https:\/\/silkrest.eu\/lt\/wp-json\/wp\/v2\/product_brand?post=4524"},{"taxonomy":"product_cat","embeddable":true,"href":"https:\/\/silkrest.eu\/lt\/wp-json\/wp\/v2\/product_cat?post=4524"},{"taxonomy":"product_tag","embeddable":true,"href":"https:\/\/silkrest.eu\/lt\/wp-json\/wp\/v2\/product_tag?post=4524"}],"curies":[{"name":"wp","href":"https:\/\/api.w.org\/{rel}","templated":true}]}}