{"id":3631,"date":"2025-02-19T16:36:42","date_gmt":"2025-02-19T16:36:42","guid":{"rendered":"https:\/\/www.brokeriai.lt\/?post_type=product&#038;p=3631"},"modified":"2026-01-23T19:36:47","modified_gmt":"2026-01-23T19:36:47","slug":"pagalve-su-100-naturaliu-silko-uzpildu-50x60-cm","status":"publish","type":"product","link":"https:\/\/silkrest.eu\/lt\/produktas\/pagalve-su-100-naturaliu-silko-uzpildu-50x60-cm\/","title":{"rendered":"Pagalv\u0117 su 100% nat\u016braliu \u0161ilko u\u017epildu &#8211; 50&#215;60 cm"},"content":{"rendered":"<h2 data-start=\"89\" data-end=\"149\"><strong data-start=\"93\" data-end=\"149\"><b>Auk\u0161tos kokyb\u0117s \u0161ilkin\u0117s pagalv\u0117s &#8211; nauda<\/b><\/strong><\/h2>\n<p data-start=\"89\" data-end=\"149\"><b>Nat\u016bralaus \u0161ilko<\/b>\u00a0<strong data-start=\"167\" data-end=\"184\">balta pagalv\u0117<\/strong> (50&#215;60 cm), u\u017epildyta 100\u202f% nat\u016braliu \u0161ilku \u2013 nepaprastai <strong data-start=\"243\" data-end=\"259\">puri, lengva<\/strong> ir <strong data-start=\"263\" data-end=\"278\">kv\u0117puojanti<\/strong>. Ji prisitaiko prie galvos formos, suteikia atram\u0105 ir u\u017etikrina i\u0161skirtin\u012f komfort\u0105 visos nakties metu.<\/p>\n<p data-start=\"151\" data-end=\"382\"><strong data-start=\"93\" data-end=\"149\">Puri prabanga j\u016bs\u0173 poilsiui!<\/strong><\/p>\n","protected":false},"excerpt":{"rendered":"<p>Rinkit\u0117s auk\u0161\u010diausios kokyb\u0117s Silkrest \u0161ilko pagalves! Nat\u016bralaus \u0161ilko u\u017epildas, u\u017etikrinantis ger\u0105 miego kokyb\u0119. Geriausia \u0161ilkini\u0173 pagalvi\u0173 kaina Lietuvoje.<\/p>\n","protected":false},"featured_media":6345,"comment_status":"open","ping_status":"closed","template":"","meta":[],"product_brand":[],"product_cat":[132,107,136,131],"product_tag":[397],"class_list":{"0":"post-3631","1":"product","2":"type-product","3":"status-publish","4":"has-post-thumbnail","6":"product_cat-silkines-pagalves","7":"product_cat-silkine-patalyne","8":"product_cat-akcijos","9":"product_cat-visos-prekes-is-silko","10":"product_tag-silkine-pagalve-50x60-cm","11":"nt-post-class","12":"","18":"first","19":"instock","20":"sale","21":"shipping-taxable","22":"purchasable","23":"product-type-simple"},"_links":{"self":[{"href":"https:\/\/silkrest.eu\/lt\/wp-json\/wp\/v2\/product\/3631","targetHints":{"allow":["GET"]}}],"collection":[{"href":"https:\/\/silkrest.eu\/lt\/wp-json\/wp\/v2\/product"}],"about":[{"href":"https:\/\/silkrest.eu\/lt\/wp-json\/wp\/v2\/types\/product"}],"replies":[{"embeddable":true,"href":"https:\/\/silkrest.eu\/lt\/wp-json\/wp\/v2\/comments?post=3631"}],"version-history":[{"count":5,"href":"https:\/\/silkrest.eu\/lt\/wp-json\/wp\/v2\/product\/3631\/revisions"}],"predecessor-version":[{"id":12182,"href":"https:\/\/silkrest.eu\/lt\/wp-json\/wp\/v2\/product\/3631\/revisions\/12182"}],"wp:featuredmedia":[{"embeddable":true,"href":"https:\/\/silkrest.eu\/lt\/wp-json\/wp\/v2\/media\/6345"}],"wp:attachment":[{"href":"https:\/\/silkrest.eu\/lt\/wp-json\/wp\/v2\/media?parent=3631"}],"wp:term":[{"taxonomy":"product_brand","embeddable":true,"href":"https:\/\/silkrest.eu\/lt\/wp-json\/wp\/v2\/product_brand?post=3631"},{"taxonomy":"product_cat","embeddable":true,"href":"https:\/\/silkrest.eu\/lt\/wp-json\/wp\/v2\/product_cat?post=3631"},{"taxonomy":"product_tag","embeddable":true,"href":"https:\/\/silkrest.eu\/lt\/wp-json\/wp\/v2\/product_tag?post=3631"}],"curies":[{"name":"wp","href":"https:\/\/api.w.org\/{rel}","templated":true}]}}