{"id":11592,"date":"2025-09-11T16:08:08","date_gmt":"2025-09-11T16:08:08","guid":{"rendered":"https:\/\/silkrest.eu\/?post_type=product&#038;p=11592"},"modified":"2026-01-23T19:36:46","modified_gmt":"2026-01-23T19:36:46","slug":"naturalaus-silko-pagalves-uzvalkalas-50x70-cm-auksine-gold","status":"publish","type":"product","link":"https:\/\/silkrest.eu\/lt\/produktas\/naturalaus-silko-pagalves-uzvalkalas-50x70-cm-auksine-gold\/","title":{"rendered":"Nat\u016bralaus \u0161ilko pagalv\u0117s u\u017evalkalas 50&#215;70 cm &#8211; Auksin\u0117 Gold"},"content":{"rendered":"<h3>\u0160viesos spalva, kuri apgaubia!<\/h3>\n<p>Jau\u010diate, kad norite \u0161ilumos? Auksin\u0117 spalva \u2013 tai \u0161viesa, saul\u0117 ir \u0161iluma. Tai ne tik spalva, tai spindinti spalva tamsoje. Sukurkite sau jaukum\u0105 \u2013 b\u016bkite \u0161viesoje, lyg jaukioje \u0161ilumoje!<\/p>\n<ul>\n<li>100% auk\u0161\u010diausios kokyb\u0117s Mulberry \u0161ilkas: ypatingas \u0161velnumas, komfortas ir blizgesys.<\/li>\n<li>Pasl\u0117ptas u\u017etrauktukas:\u00a0u\u017etikrina, kad pagalv\u0117 visada i\u0161likt\u0173 vietoje ir nesiliest\u0173 miegant.<\/li>\n<li>Sertifikatas: OEKO-TEX\u00ae STANDARD 100 \u2013 saugumo ir kokyb\u0117s sertifikatas.<\/li>\n<li>Prisi\u016btos etiket\u0117s: su OEKO-TEX\u00ae STANDARD 100 ir m\u016bs\u0173 logotipu \u2013 kokyb\u0117s ir tikrumo garantas.<\/li>\n<li>Supakuota eleganti\u0161koje \u201eSilkRest\u201c dovan\u0173 d\u0117\u017eut\u0117je: ideali dovana tiems, kurie vertina prabang\u0105 ir kokyb\u0119.<\/li>\n<\/ul>\n<p>Nesvarbu, koks j\u016bs\u0173 stilius. Jei norite b\u016bti spindintis, jei norite b\u016bti geid\u017eiamas, jei norite tiesiog jaustis geriausiai \u2013 auksin\u0117 spalva yra j\u016bs\u0173 pasirinkimas. Nepraleiskite progos!<\/p>\n<p>Tai ne tik pagalv\u0117s u\u017evalkalas. Tai gro\u017eio ir \u0161viesos investicija. Auksin\u0117 spalva priver\u010dia gerai pasijusti, o \u0161ilko \u0161velnumas glosto \u0161velniu prisilietimu. Padovanokite sau arba mylimam \u017emogui t\u0105 jausm\u0105!<\/p>\n","protected":false},"excerpt":{"rendered":"<p>Prabangus Mulberry \u0161ilko pagalv\u0117s u\u017evalkalas 22 momme jautriai odai.<\/p>\n","protected":false},"featured_media":11294,"comment_status":"open","ping_status":"closed","template":"","meta":[],"product_brand":[],"product_cat":[136,107,108,131],"product_tag":[402],"class_list":{"0":"post-11592","1":"product","2":"type-product","3":"status-publish","4":"has-post-thumbnail","6":"product_cat-akcijos","7":"product_cat-silkine-patalyne","8":"product_cat-silkiniai-pagalviu-uzvalkalai","9":"product_cat-visos-prekes-is-silko","10":"product_tag-silkiniai-pagalviu-uzvalkalai-plaukams-ir-odai-50x70","11":"nt-post-class","12":"","18":"first","19":"instock","20":"sale","21":"shipping-taxable","22":"purchasable","23":"product-type-simple"},"_links":{"self":[{"href":"https:\/\/silkrest.eu\/lt\/wp-json\/wp\/v2\/product\/11592","targetHints":{"allow":["GET"]}}],"collection":[{"href":"https:\/\/silkrest.eu\/lt\/wp-json\/wp\/v2\/product"}],"about":[{"href":"https:\/\/silkrest.eu\/lt\/wp-json\/wp\/v2\/types\/product"}],"replies":[{"embeddable":true,"href":"https:\/\/silkrest.eu\/lt\/wp-json\/wp\/v2\/comments?post=11592"}],"version-history":[{"count":2,"href":"https:\/\/silkrest.eu\/lt\/wp-json\/wp\/v2\/product\/11592\/revisions"}],"predecessor-version":[{"id":11884,"href":"https:\/\/silkrest.eu\/lt\/wp-json\/wp\/v2\/product\/11592\/revisions\/11884"}],"wp:featuredmedia":[{"embeddable":true,"href":"https:\/\/silkrest.eu\/lt\/wp-json\/wp\/v2\/media\/11294"}],"wp:attachment":[{"href":"https:\/\/silkrest.eu\/lt\/wp-json\/wp\/v2\/media?parent=11592"}],"wp:term":[{"taxonomy":"product_brand","embeddable":true,"href":"https:\/\/silkrest.eu\/lt\/wp-json\/wp\/v2\/product_brand?post=11592"},{"taxonomy":"product_cat","embeddable":true,"href":"https:\/\/silkrest.eu\/lt\/wp-json\/wp\/v2\/product_cat?post=11592"},{"taxonomy":"product_tag","embeddable":true,"href":"https:\/\/silkrest.eu\/lt\/wp-json\/wp\/v2\/product_tag?post=11592"}],"curies":[{"name":"wp","href":"https:\/\/api.w.org\/{rel}","templated":true}]}}