{"id":11270,"date":"2025-07-06T17:26:31","date_gmt":"2025-07-06T17:26:31","guid":{"rendered":"https:\/\/silkrest.eu\/?post_type=product&#038;p=11270"},"modified":"2026-01-23T19:36:46","modified_gmt":"2026-01-23T19:36:46","slug":"naturalaus-silko-pagalves-uzvalkalas-50x60cm-safyro-melyna-peacock-blue","status":"publish","type":"product","link":"https:\/\/silkrest.eu\/lt\/produktas\/naturalaus-silko-pagalves-uzvalkalas-50x60cm-safyro-melyna-peacock-blue\/","title":{"rendered":"Nat\u016bralaus \u0161ilko pagalv\u0117s u\u017evalkalas 50x60cm &#8211; Safyro M\u0117lyna Peacock Blue"},"content":{"rendered":"<p>Pasinerkite \u012f gil\u0173 poils\u012f ir i\u0161skirtin\u0119 prabang\u0105 su pagalv\u0117s u\u017evalkalu unikalios safyro m\u0117lynumo spalvos.<br data-start=\"421\" data-end=\"424\" \/>Pagamintas i\u0161 auk\u0161\u010diausios kokyb\u0117s Mulberry \u0161ilko (22 momme), jis \u0161velniai glunda prie odos, saugo plaukus ir leid\u017eia odai kv\u0117puoti. D\u0117l nat\u016bralaus termoreguliavimo jis v\u0117sina vasar\u0105 ir \u0161ildo \u017eiem\u0105 \u2013 visapusi\u0161kas komfortas i\u0161tisus metus. Tai daugiau nei u\u017evalkalas \u2013 tai kasnaktis prisilietimas prie tikros prabangos.<\/p>\n<ul>\n<li data-start=\"687\" data-end=\"780\"><strong data-start=\"687\" data-end=\"713\">Pasl\u0117ptas u\u017etrauktukas:<\/strong>\u00a0u\u017etikrina, kad pagalv\u0117 i\u0161likt\u0173 vietoje ir netrukdyt\u0173 poilsiui.<\/li>\n<li data-start=\"783\" data-end=\"871\"><strong data-start=\"783\" data-end=\"813\">Mulberry \u0161ilkas 100\u202f% (22 momme):<\/strong>\u00a0i\u0161skirtinai \u0161velnus, ilgaam\u017eis ir nat\u016braliai blizgus.<\/li>\n<li data-start=\"874\" data-end=\"976\"><strong data-start=\"874\" data-end=\"905\">Draugi\u0161kas odai ir plaukams:<\/strong>\u00a0ma\u017eina trint\u012f, padeda i\u0161vengti susiv\u0117limo bei rauk\u0161li\u0173 susidarymo.<\/li>\n<li data-start=\"979\" data-end=\"1084\"><strong data-start=\"979\" data-end=\"1005\">Stilinga dovan\u0173 d\u0117\u017eut\u0117:<\/strong>\u00a0eleganti\u0161ka pakuot\u0117 paver\u010dia \u0161\u012f u\u017evalkal\u0105 puikia dovana bet kuriai progai.<\/li>\n<li data-start=\"1087\" data-end=\"1188\"><strong data-start=\"1087\" data-end=\"1126\">OEKO-TEX\u00ae STANDARD 100 sertifikatas:<\/strong>\u00a0patvirtina, kad audinys saugus ir be kenksming\u0173 med\u017eiag\u0173.<\/li>\n<li data-start=\"1191\" data-end=\"1318\"><strong data-start=\"1191\" data-end=\"1203\">Etiket\u0117s:<\/strong>\u00a0kiekvienas u\u017evalkalas turi prisi\u016bt\u0105 kokyb\u0117s etiket\u0119, \u201eSilkRest\u201c logotip\u0105 ir trump\u0105 \u0161ilko prie\u017ei\u016bros instrukcij\u0105.<\/li>\n<\/ul>\n<p data-start=\"607\" data-end=\"665\"><strong data-start=\"607\" data-end=\"663\">Rinkit\u0117s gro\u017e\u012f, \u0161velnum\u0105 ir ramyb\u0119 viename gaminyje.\u00a0<\/strong><\/p>\n","protected":false},"excerpt":{"rendered":"<p>Pasinerkite \u012f gil\u0173 poils\u012f ir i\u0161skirtin\u0119 prabang\u0105 su pagalv\u0117s u\u017evalkalu unikalios safyro m\u0117lynumo spalvos.Pagamintas i\u0161 auk\u0161\u010diausios kokyb\u0117s Mulberry \u0161ilko (22 momme), jis \u0161velniai glunda prie odos, saugo plaukus ir leid\u017eia odai kv\u0117puoti. D\u0117l nat\u016bralaus termoreguliavimo jis v\u0117sina vasar\u0105 ir \u0161ildo \u017eiem\u0105 \u2013 visapusi\u0161kas komfortas i\u0161tisus metus. Tai daugiau nei u\u017evalkalas \u2013 tai kasnaktis prisilietimas prie&#8230;<\/p>\n","protected":false},"featured_media":11591,"comment_status":"open","ping_status":"closed","template":"","meta":[],"product_brand":[],"product_cat":[136,107,108,131],"product_tag":[402],"class_list":{"0":"post-11270","1":"product","2":"type-product","3":"status-publish","4":"has-post-thumbnail","6":"product_cat-akcijos","7":"product_cat-silkine-patalyne","8":"product_cat-silkiniai-pagalviu-uzvalkalai","9":"product_cat-visos-prekes-is-silko","10":"product_tag-silkiniai-pagalviu-uzvalkalai-plaukams-ir-odai-50x70","11":"nt-post-class","12":"","15":"excerpt-none","18":"first","19":"instock","20":"sale","21":"shipping-taxable","22":"purchasable","23":"product-type-simple"},"_links":{"self":[{"href":"https:\/\/silkrest.eu\/lt\/wp-json\/wp\/v2\/product\/11270","targetHints":{"allow":["GET"]}}],"collection":[{"href":"https:\/\/silkrest.eu\/lt\/wp-json\/wp\/v2\/product"}],"about":[{"href":"https:\/\/silkrest.eu\/lt\/wp-json\/wp\/v2\/types\/product"}],"replies":[{"embeddable":true,"href":"https:\/\/silkrest.eu\/lt\/wp-json\/wp\/v2\/comments?post=11270"}],"version-history":[{"count":4,"href":"https:\/\/silkrest.eu\/lt\/wp-json\/wp\/v2\/product\/11270\/revisions"}],"predecessor-version":[{"id":11889,"href":"https:\/\/silkrest.eu\/lt\/wp-json\/wp\/v2\/product\/11270\/revisions\/11889"}],"wp:featuredmedia":[{"embeddable":true,"href":"https:\/\/silkrest.eu\/lt\/wp-json\/wp\/v2\/media\/11591"}],"wp:attachment":[{"href":"https:\/\/silkrest.eu\/lt\/wp-json\/wp\/v2\/media?parent=11270"}],"wp:term":[{"taxonomy":"product_brand","embeddable":true,"href":"https:\/\/silkrest.eu\/lt\/wp-json\/wp\/v2\/product_brand?post=11270"},{"taxonomy":"product_cat","embeddable":true,"href":"https:\/\/silkrest.eu\/lt\/wp-json\/wp\/v2\/product_cat?post=11270"},{"taxonomy":"product_tag","embeddable":true,"href":"https:\/\/silkrest.eu\/lt\/wp-json\/wp\/v2\/product_tag?post=11270"}],"curies":[{"name":"wp","href":"https:\/\/api.w.org\/{rel}","templated":true}]}}