{"id":10492,"date":"2025-06-09T11:26:07","date_gmt":"2025-06-09T11:26:07","guid":{"rendered":"https:\/\/silkrest.eu\/?post_type=product&#038;p=10492"},"modified":"2026-01-23T19:36:46","modified_gmt":"2026-01-23T19:36:46","slug":"naturalaus-silko-pagalves-uzvalkalas-50x70-cm-smaragdo-zalia-emerald","status":"publish","type":"product","link":"https:\/\/silkrest.eu\/lt\/produktas\/naturalaus-silko-pagalves-uzvalkalas-50x70-cm-smaragdo-zalia-emerald\/","title":{"rendered":"Nat\u016bralaus \u0161ilko pagalv\u0117s u\u017evalkalas 50&#215;70 cm &#8211; Smaragdo \u017ealia Emerald"},"content":{"rendered":"<p data-start=\"150\" data-end=\"203\">I\u0161skirtinis miego komfortas, kur\u012f sukuria 100\u202f% Mulberry \u0161ilkas (22 momme) \u2013 glotnus, nat\u016braliai blizgus ir \u0161velnus prisilietimui. Pasl\u0117ptas u\u017etrauktukas suteikia elegancijos, o auk\u0161\u010diausios kokyb\u0117s \u0161ilkas puosel\u0117ja J\u016bs\u0173 od\u0105 bei plaukus kiekvien\u0105 nakt\u012f.<\/p>\n<ul>\n<li>Etiket\u0117s: kiekvienas u\u017evalkalas yra prisi\u016btas OEKO-TEX\u00ae STANDARD 100 sertifikato etikete, \u201eSilkRest\u201c logotipu ir trumpa naudojimo informacija.<\/li>\n<li>Gro\u017eio s\u0105junginink\u0105: \u0160ilkas padeda i\u0161laikyti odos dr\u0117gm\u0119, suma\u017eina rauk\u0161li\u0173 atsiradim\u0105 ir saugo plaukus nuo l\u016b\u017ein\u0117jimo bei v\u0117limosi.<\/li>\n<li>Ramyb\u0117s oaz\u0119: Jo \u0161velnumas ir gaivumas padeda grei\u010diau atsipalaiduoti ir panirti \u012f gil\u0173, atpalaiduojant\u012f mieg\u0105.<\/li>\n<li>Tvarumo simbol\u012f: Nat\u016bralus \u0161ilkas yra ilgaam\u017eis ir biologi\u0161kai skaidas produktas, atspindintis j\u016bs\u0173 atsaking\u0105 po\u017ei\u016br\u012f \u012f aplink\u0105.<\/li>\n<li>Etiket\u0117s: kiekvienas u\u017evalkalas yra prisi\u016btas OEKO-TEX\u00ae STANDARD 100 sertifikato etikete, \u201eSilkRest\u201c logotipu ir trumpa naudojimo informacija.<\/li>\n<\/ul>\n<p data-start=\"78\" data-end=\"145\">Smaragdo \u017ealumas (Emerald) miegamajame \u2013 sodri ir gyva \u017ealia, lyg brangakmenio &#8220;Smaragdas&#8221; \u017evilg\u0117jimas, apgaubia prabanga ir ramybe.<\/p>\n","protected":false},"excerpt":{"rendered":"<p>I\u0161skirtinis miego komfortas, kur\u012f sukuria 100\u202f% Mulberry \u0161ilkas (22 momme) \u2013 glotnus, nat\u016braliai blizgus ir \u0161velnus prisilietimui. Pasl\u0117ptas u\u017etrauktukas suteikia elegancijos, o auk\u0161\u010diausios kokyb\u0117s \u0161ilkas puosel\u0117ja J\u016bs\u0173 od\u0105 bei plaukus kiekvien\u0105 nakt\u012f. Etiket\u0117s: kiekvienas u\u017evalkalas yra prisi\u016btas OEKO-TEX\u00ae STANDARD 100 sertifikato etikete, \u201eSilkRest\u201c logotipu ir trumpa naudojimo informacija. Gro\u017eio s\u0105junginink\u0105: \u0160ilkas padeda i\u0161laikyti odos dr\u0117gm\u0119,&#8230;<\/p>\n","protected":false},"featured_media":11312,"comment_status":"open","ping_status":"closed","template":"","meta":[],"product_brand":[],"product_cat":[136,107,108,131],"product_tag":[402],"class_list":{"0":"post-10492","1":"product","2":"type-product","3":"status-publish","4":"has-post-thumbnail","6":"product_cat-akcijos","7":"product_cat-silkine-patalyne","8":"product_cat-silkiniai-pagalviu-uzvalkalai","9":"product_cat-visos-prekes-is-silko","10":"product_tag-silkiniai-pagalviu-uzvalkalai-plaukams-ir-odai-50x70","11":"nt-post-class","12":"","15":"excerpt-none","18":"first","19":"instock","20":"sale","21":"shipping-taxable","22":"purchasable","23":"product-type-simple"},"_links":{"self":[{"href":"https:\/\/silkrest.eu\/lt\/wp-json\/wp\/v2\/product\/10492","targetHints":{"allow":["GET"]}}],"collection":[{"href":"https:\/\/silkrest.eu\/lt\/wp-json\/wp\/v2\/product"}],"about":[{"href":"https:\/\/silkrest.eu\/lt\/wp-json\/wp\/v2\/types\/product"}],"replies":[{"embeddable":true,"href":"https:\/\/silkrest.eu\/lt\/wp-json\/wp\/v2\/comments?post=10492"}],"version-history":[{"count":4,"href":"https:\/\/silkrest.eu\/lt\/wp-json\/wp\/v2\/product\/10492\/revisions"}],"predecessor-version":[{"id":11278,"href":"https:\/\/silkrest.eu\/lt\/wp-json\/wp\/v2\/product\/10492\/revisions\/11278"}],"wp:featuredmedia":[{"embeddable":true,"href":"https:\/\/silkrest.eu\/lt\/wp-json\/wp\/v2\/media\/11312"}],"wp:attachment":[{"href":"https:\/\/silkrest.eu\/lt\/wp-json\/wp\/v2\/media?parent=10492"}],"wp:term":[{"taxonomy":"product_brand","embeddable":true,"href":"https:\/\/silkrest.eu\/lt\/wp-json\/wp\/v2\/product_brand?post=10492"},{"taxonomy":"product_cat","embeddable":true,"href":"https:\/\/silkrest.eu\/lt\/wp-json\/wp\/v2\/product_cat?post=10492"},{"taxonomy":"product_tag","embeddable":true,"href":"https:\/\/silkrest.eu\/lt\/wp-json\/wp\/v2\/product_tag?post=10492"}],"curies":[{"name":"wp","href":"https:\/\/api.w.org\/{rel}","templated":true}]}}