{"id":10489,"date":"2025-06-09T11:15:03","date_gmt":"2025-06-09T11:15:03","guid":{"rendered":"https:\/\/silkrest.eu\/?post_type=product&#038;p=10489"},"modified":"2026-01-23T19:36:46","modified_gmt":"2026-01-23T19:36:46","slug":"naturalaus-silko-pagalves-uzvalkalas-50x70-cm-rozine-fuxy","status":"publish","type":"product","link":"https:\/\/silkrest.eu\/lt\/produktas\/naturalaus-silko-pagalves-uzvalkalas-50x70-cm-rozine-fuxy\/","title":{"rendered":"Nat\u016bralaus \u0161ilko pagalv\u0117s u\u017evalkalas 50&#215;70 cm &#8211; Fuksija ro\u017ein\u0117 Fuchsia"},"content":{"rendered":"<p data-start=\"150\" data-end=\"203\">Nat\u016bralaus <strong>mulberry \u0161ilko pagalv\u0117s u\u017evalkala<\/strong>s su pasl\u0117ptu u\u017etrauktuku \u2013 100 % \u0161ilkas, 22 momme, premium kokyb\u0117, \u0161velnumas, blizgesys, komfortas.<\/p>\n<ul>\n<li><strong>Auk\u0161\u010diausios kokyb\u0117s<\/strong>: 22 momme mulberry \u0161ilkas. Kv\u0117puojantis, \u0161velnus ir blizgus audinys.<\/li>\n<li><strong data-start=\"1112\" data-end=\"1151\">OEKO-TEX\u00ae STANDARD 100 sertifikatas:<\/strong>\u00a0audinio saugumas ir \u0161vara patvirtinti.<\/li>\n<li><strong data-start=\"1197\" data-end=\"1209\">Etiket\u0117s:<\/strong>\u00a0prisi\u016bta kokyb\u0117s etiket\u0117, \u201eSilkRest\u201c logotipas ir trumpa prie\u017ei\u016bros informacija<\/li>\n<li><strong>Pasl\u0117ptas u\u017etrauktukas<\/strong>: subtilus dizainas.<\/li>\n<li><strong data-start=\"1031\" data-end=\"1057\">Dovan\u0173 d\u0117\u017eut\u0117:<\/strong> Dovan\u0173 d\u0117\u017eut\u0117: eleganti\u0161ka ir kokybi\u0161ka, su patogiu magnetiniu dangteliu. Ideali pakuot\u0117, kuri padaro dovan\u0105 dar ypatingesn\u0119.<\/li>\n<\/ul>\n<p data-start=\"52\" data-end=\"244\"><strong>Fuksija ro\u017ein\u0117<\/strong>(Fuxy) \u2013 tai ry\u0161ki, sodri ro\u017ein\u0117 su violetiniu atspalviu, pana\u0161i \u012f spanguol\u0117s arba bugenvilijos \u017eied\u0173 spalv\u0105. Tai intensyvi, gyvybinga spalva, kuri pritraukia d\u0117mes\u012f., i\u0161rai\u0161kinga spalva, suteikianti elegancijos ir paslaptingumo. Ji da\u017enai asocijuojasi su prabanga, k\u016brybi\u0161kumu ir mistika. \u0160i spalva padeda sukurti intymi\u0105 aplink\u0105, kurioje lengviau pab\u0117gti nuo kasdienyb\u0117s ir pasinerti \u012f svajones.<\/p>\n","protected":false},"excerpt":{"rendered":"<p>Nat\u016bralaus mulberry \u0161ilko pagalv\u0117s u\u017evalkalas su pasl\u0117ptu u\u017etrauktuku \u2013 100 % \u0161ilkas, 22 momme, premium kokyb\u0117, \u0161velnumas, blizgesys, komfortas. Auk\u0161\u010diausios kokyb\u0117s: 22 momme mulberry \u0161ilkas. Kv\u0117puojantis, \u0161velnus ir blizgus audinys. OEKO-TEX\u00ae STANDARD 100 sertifikatas:\u00a0audinio saugumas ir \u0161vara patvirtinti. Etiket\u0117s:\u00a0prisi\u016bta kokyb\u0117s etiket\u0117, \u201eSilkRest\u201c logotipas ir trumpa prie\u017ei\u016bros informacija Pasl\u0117ptas u\u017etrauktukas: subtilus dizainas. Dovan\u0173 d\u0117\u017eut\u0117: Dovan\u0173 d\u0117\u017eut\u0117:&#8230;<\/p>\n","protected":false},"featured_media":11335,"comment_status":"open","ping_status":"closed","template":"","meta":[],"product_brand":[],"product_cat":[136,107,108,131],"product_tag":[402],"class_list":{"0":"post-10489","1":"product","2":"type-product","3":"status-publish","4":"has-post-thumbnail","6":"product_cat-akcijos","7":"product_cat-silkine-patalyne","8":"product_cat-silkiniai-pagalviu-uzvalkalai","9":"product_cat-visos-prekes-is-silko","10":"product_tag-silkiniai-pagalviu-uzvalkalai-plaukams-ir-odai-50x70","11":"nt-post-class","12":"","15":"excerpt-none","18":"first","19":"instock","20":"sale","21":"shipping-taxable","22":"purchasable","23":"product-type-simple"},"_links":{"self":[{"href":"https:\/\/silkrest.eu\/lt\/wp-json\/wp\/v2\/product\/10489","targetHints":{"allow":["GET"]}}],"collection":[{"href":"https:\/\/silkrest.eu\/lt\/wp-json\/wp\/v2\/product"}],"about":[{"href":"https:\/\/silkrest.eu\/lt\/wp-json\/wp\/v2\/types\/product"}],"replies":[{"embeddable":true,"href":"https:\/\/silkrest.eu\/lt\/wp-json\/wp\/v2\/comments?post=10489"}],"version-history":[{"count":6,"href":"https:\/\/silkrest.eu\/lt\/wp-json\/wp\/v2\/product\/10489\/revisions"}],"predecessor-version":[{"id":11284,"href":"https:\/\/silkrest.eu\/lt\/wp-json\/wp\/v2\/product\/10489\/revisions\/11284"}],"wp:featuredmedia":[{"embeddable":true,"href":"https:\/\/silkrest.eu\/lt\/wp-json\/wp\/v2\/media\/11335"}],"wp:attachment":[{"href":"https:\/\/silkrest.eu\/lt\/wp-json\/wp\/v2\/media?parent=10489"}],"wp:term":[{"taxonomy":"product_brand","embeddable":true,"href":"https:\/\/silkrest.eu\/lt\/wp-json\/wp\/v2\/product_brand?post=10489"},{"taxonomy":"product_cat","embeddable":true,"href":"https:\/\/silkrest.eu\/lt\/wp-json\/wp\/v2\/product_cat?post=10489"},{"taxonomy":"product_tag","embeddable":true,"href":"https:\/\/silkrest.eu\/lt\/wp-json\/wp\/v2\/product_tag?post=10489"}],"curies":[{"name":"wp","href":"https:\/\/api.w.org\/{rel}","templated":true}]}}