{"id":10485,"date":"2025-06-09T11:01:14","date_gmt":"2025-06-09T11:01:14","guid":{"rendered":"https:\/\/silkrest.eu\/?post_type=product&#038;p=10485"},"modified":"2026-01-23T19:36:46","modified_gmt":"2026-01-23T19:36:46","slug":"naturalaus-silko-pagalves-uzvalkalas-50x70-cm-juodas-black","status":"publish","type":"product","link":"https:\/\/silkrest.eu\/lt\/produktas\/naturalaus-silko-pagalves-uzvalkalas-50x70-cm-juodas-black\/","title":{"rendered":"Nat\u016bralaus \u0161ilko pagalv\u0117s u\u017evalkalas 50&#215;70 cm &#8211; Juodas Black"},"content":{"rendered":"<p data-start=\"150\" data-end=\"203\">Mulberry \u0161ilko pagalv\u0117s u\u017evalkalas su pasl\u0117ptu u\u017etrauktuku \u2013 100 % \u0161ilkas, 22 momme, premium kokyb\u0117, \u0161velnumas, blizgesys, ir komfortas.<\/p>\n<div class=\"flex basis-auto flex-col -mb-(--composer-overlap-px) [--composer-overlap-px:55px] grow overflow-hidden\">\n<div class=\"relative h-full\">\n<div class=\"flex h-full flex-col overflow-y-auto [scrollbar-gutter:stable_both-edges] @[84rem]\/thread:pt-(--header-height)\">\n<div class=\"@thread-xl\/thread:pt-header-height flex flex-col text-sm pb-25\">\n<article class=\"text-token-text-primary w-full\" dir=\"auto\" data-testid=\"conversation-turn-68\" data-scroll-anchor=\"true\">\n<div class=\"text-base my-auto mx-auto py-5 [--thread-content-margin:--spacing(4)] @[37rem]:[--thread-content-margin:--spacing(6)] @[72rem]:[--thread-content-margin:--spacing(16)] px-(--thread-content-margin)\">\n<div class=\"[--thread-content-max-width:32rem] @[34rem]:[--thread-content-max-width:40rem] @[64rem]:[--thread-content-max-width:48rem] mx-auto flex max-w-(--thread-content-max-width) flex-1 text-base gap-4 md:gap-5 lg:gap-6 group\/turn-messages focus-visible:outline-hidden\" tabindex=\"-1\">\n<div class=\"group\/conversation-turn relative flex w-full min-w-0 flex-col agent-turn\">\n<div class=\"relative flex-col gap-1 md:gap-3\">\n<div class=\"flex max-w-full flex-col grow\">\n<div class=\"min-h-8 text-message relative flex w-full flex-col items-end gap-2 text-start break-words whitespace-normal [.text-message+&amp;]:mt-5\" dir=\"auto\" data-message-author-role=\"assistant\" data-message-id=\"28fc9a15-84c4-42fc-9d64-7d81e876e68b\" data-message-model-slug=\"gpt-4o\">\n<div class=\"flex w-full flex-col gap-1 empty:hidden first:pt-[3px]\">\n<div class=\"markdown prose dark:prose-invert w-full break-words light\">\n<ul>\n<li data-start=\"146\" data-end=\"262\"><strong data-start=\"146\" data-end=\"157\">Poilsis:<\/strong> su 100\u202f% nat\u016braliu Mulberry \u0161ilku \u2013 tai ne tik prabanga, bet ir tikras r\u016bpestis tavo oda bei plaukais, auk\u0161\u010diausios 100 % kokyb\u0117s \u0161ilkas: 22 momme storio, \u00a0tvirtas, ilgaam\u017eis, bet i\u0161lieka nepaprastai \u0161velnus.<\/li>\n<li data-start=\"264\" data-end=\"898\"><strong>Komfortas<\/strong>: kv\u0117puojantis ir termoreguliacinis \u2013 v\u0117sina vasar\u0105, \u0161ildo \u017eiem\u0105, ma\u017eina trint\u012f, padeda i\u0161vengti odos paraudim\u0173 ir plauk\u0173 l\u016b\u017ein\u0117jimo.<\/li>\n<li data-start=\"264\" data-end=\"898\"><strong>Nat\u016bralus \u0161ilko blizgesys<\/strong>: subtili prabanga kiekvien\u0105 nakt\u012f.<\/li>\n<li data-start=\"264\" data-end=\"898\"><strong>Eleganti\u0161kas pasl\u0117ptas u\u017etrauktukas<\/strong>: esteti\u0161ka ir patogu.<\/li>\n<li data-start=\"264\" data-end=\"898\"><strong>Prisi\u016bta etiket\u0117<\/strong>: \u00a0OEKO-TEX\u00ae sertifikatas \u2013 be joki\u0173 kenksming\u0173 med\u017eiag\u0173, tinka net jautriausiai odai.<\/li>\n<li data-start=\"264\" data-end=\"898\"><strong>Nat\u016braliai hipoalerginis<\/strong>: saugus alergi\u0161kiems \u017emon\u0117ms.<\/li>\n<li data-start=\"264\" data-end=\"898\"><strong>Puiki dovana<\/strong>: pristatoma eleganti\u0161koje dovan\u0173 d\u0117\u017eut\u0117je.<\/li>\n<\/ul>\n<p data-start=\"900\" data-end=\"973\">Pasirink tikr\u0105 ramyb\u0119, kuri\u0105 suteikia nat\u016bralus \u0161ilkas \u2013 kiekvien\u0105 nakt\u012f.<\/p>\n<\/div>\n<\/div>\n<\/div>\n<\/div>\n<\/div>\n<\/div>\n<\/div>\n<\/div>\n<\/article>\n<\/div>\n<\/div>\n<\/div>\n<\/div>\n","protected":false},"excerpt":{"rendered":"<p>Mulberry \u0161ilko pagalv\u0117s u\u017evalkalas su pasl\u0117ptu u\u017etrauktuku \u2013 100 % \u0161ilkas, 22 momme, premium kokyb\u0117, \u0161velnumas, blizgesys, ir komfortas. Poilsis: su 100\u202f% nat\u016braliu Mulberry \u0161ilku \u2013 tai ne tik prabanga, bet ir tikras r\u016bpestis tavo oda bei plaukais, auk\u0161\u010diausios 100 % kokyb\u0117s \u0161ilkas: 22 momme storio, \u00a0tvirtas, ilgaam\u017eis, bet i\u0161lieka nepaprastai \u0161velnus. Komfortas: kv\u0117puojantis ir&#8230;<\/p>\n","protected":false},"featured_media":11298,"comment_status":"open","ping_status":"closed","template":"","meta":[],"product_brand":[],"product_cat":[136,107,108,131],"product_tag":[402],"class_list":{"0":"post-10485","1":"product","2":"type-product","3":"status-publish","4":"has-post-thumbnail","6":"product_cat-akcijos","7":"product_cat-silkine-patalyne","8":"product_cat-silkiniai-pagalviu-uzvalkalai","9":"product_cat-visos-prekes-is-silko","10":"product_tag-silkiniai-pagalviu-uzvalkalai-plaukams-ir-odai-50x70","11":"nt-post-class","12":"","15":"excerpt-none","18":"first","19":"instock","20":"sale","21":"shipping-taxable","22":"purchasable","23":"product-type-simple"},"_links":{"self":[{"href":"https:\/\/silkrest.eu\/lt\/wp-json\/wp\/v2\/product\/10485","targetHints":{"allow":["GET"]}}],"collection":[{"href":"https:\/\/silkrest.eu\/lt\/wp-json\/wp\/v2\/product"}],"about":[{"href":"https:\/\/silkrest.eu\/lt\/wp-json\/wp\/v2\/types\/product"}],"replies":[{"embeddable":true,"href":"https:\/\/silkrest.eu\/lt\/wp-json\/wp\/v2\/comments?post=10485"}],"version-history":[{"count":5,"href":"https:\/\/silkrest.eu\/lt\/wp-json\/wp\/v2\/product\/10485\/revisions"}],"predecessor-version":[{"id":11342,"href":"https:\/\/silkrest.eu\/lt\/wp-json\/wp\/v2\/product\/10485\/revisions\/11342"}],"wp:featuredmedia":[{"embeddable":true,"href":"https:\/\/silkrest.eu\/lt\/wp-json\/wp\/v2\/media\/11298"}],"wp:attachment":[{"href":"https:\/\/silkrest.eu\/lt\/wp-json\/wp\/v2\/media?parent=10485"}],"wp:term":[{"taxonomy":"product_brand","embeddable":true,"href":"https:\/\/silkrest.eu\/lt\/wp-json\/wp\/v2\/product_brand?post=10485"},{"taxonomy":"product_cat","embeddable":true,"href":"https:\/\/silkrest.eu\/lt\/wp-json\/wp\/v2\/product_cat?post=10485"},{"taxonomy":"product_tag","embeddable":true,"href":"https:\/\/silkrest.eu\/lt\/wp-json\/wp\/v2\/product_tag?post=10485"}],"curies":[{"name":"wp","href":"https:\/\/api.w.org\/{rel}","templated":true}]}}