{"id":10483,"date":"2025-06-09T10:53:11","date_gmt":"2025-06-09T10:53:11","guid":{"rendered":"https:\/\/silkrest.eu\/?post_type=product&#038;p=10483"},"modified":"2026-01-23T19:36:46","modified_gmt":"2026-01-23T19:36:46","slug":"naturalaus-silko-pagalves-uzvalkalas-50x70-cm-tamsiai-pilka-dark-grey","status":"publish","type":"product","link":"https:\/\/silkrest.eu\/lt\/produktas\/naturalaus-silko-pagalves-uzvalkalas-50x70-cm-tamsiai-pilka-dark-grey\/","title":{"rendered":"Nat\u016bralaus \u0161ilko pagalv\u0117s u\u017evalkalas 50&#215;70 cm &#8211; Tamsiai pilka Dark Grey"},"content":{"rendered":"<p data-start=\"150\" data-end=\"203\">Premium klas\u0117s<strong data-start=\"150\" data-end=\"203\"> mulberry \u0161ilko pagalv\u0117s u\u017evalkalas.<\/strong><\/p>\n<p data-start=\"205\" data-end=\"638\">\u2003\u2003\u2022 <strong>Itin kokybi\u0161kas, blizgus \u0161ilkas<\/strong>: i\u0161kart juntama prabanga vos prisilietus.<br data-start=\"283\" data-end=\"286\" \/>\u2003\u2003\u2022 <strong>Komfortas<\/strong>: nat\u016braliai \u0161velnus ir kv\u0117puojantis \u2013 u\u017etikrina nepaprast\u0105 komfort\u0105 vis\u0105 nakt\u012f.<br data-start=\"368\" data-end=\"371\" \/>\u2003\u2003\u2022 <strong>Palankus odai ir plaukams<\/strong>: ma\u017eina trint\u012f, tausoja dr\u0117gm\u0119, padeda i\u0161vengti l\u016b\u017ein\u0117jan\u010di\u0173 plauk\u0173 ir ryto rauk\u0161li\u0173.<br data-start=\"487\" data-end=\"490\" \/>\u2003\u2003\u2022 <strong>Pasl\u0117ptas u\u017etrauktukas<\/strong>: elegancija ir funkcionalumas viename.<br data-start=\"556\" data-end=\"559\" \/>\u2003\u2003\u2022 <strong>Supakuota prabangioje dovan\u0173 d\u0117\u017eut\u0117je<\/strong>: pasiruo\u0161\u0119s tapti i\u0161skirtine dovana!<\/p>\n<p data-start=\"640\" data-end=\"764\">Tikras komfortas, kur\u012f pajusite nuo pirmo prisilietimo.<\/p>\n","protected":false},"excerpt":{"rendered":"<p><strong>Nat\u016bralaus \u0161ilko pagalv\u0117s u\u017evalkalas su u\u017etrauktuku<\/strong> \u2013 100 % mulberry \u0161ilkas, 22 momme, prabangi tamsiai pilka spalva.<\/p>\n","protected":false},"featured_media":11346,"comment_status":"open","ping_status":"closed","template":"","meta":[],"product_brand":[],"product_cat":[136,107,108,131],"product_tag":[402],"class_list":{"0":"post-10483","1":"product","2":"type-product","3":"status-publish","4":"has-post-thumbnail","6":"product_cat-akcijos","7":"product_cat-silkine-patalyne","8":"product_cat-silkiniai-pagalviu-uzvalkalai","9":"product_cat-visos-prekes-is-silko","10":"product_tag-silkiniai-pagalviu-uzvalkalai-plaukams-ir-odai-50x70","11":"nt-post-class","12":"","18":"first","19":"instock","20":"sale","21":"shipping-taxable","22":"purchasable","23":"product-type-simple"},"_links":{"self":[{"href":"https:\/\/silkrest.eu\/lt\/wp-json\/wp\/v2\/product\/10483","targetHints":{"allow":["GET"]}}],"collection":[{"href":"https:\/\/silkrest.eu\/lt\/wp-json\/wp\/v2\/product"}],"about":[{"href":"https:\/\/silkrest.eu\/lt\/wp-json\/wp\/v2\/types\/product"}],"replies":[{"embeddable":true,"href":"https:\/\/silkrest.eu\/lt\/wp-json\/wp\/v2\/comments?post=10483"}],"version-history":[{"count":4,"href":"https:\/\/silkrest.eu\/lt\/wp-json\/wp\/v2\/product\/10483\/revisions"}],"predecessor-version":[{"id":11349,"href":"https:\/\/silkrest.eu\/lt\/wp-json\/wp\/v2\/product\/10483\/revisions\/11349"}],"wp:featuredmedia":[{"embeddable":true,"href":"https:\/\/silkrest.eu\/lt\/wp-json\/wp\/v2\/media\/11346"}],"wp:attachment":[{"href":"https:\/\/silkrest.eu\/lt\/wp-json\/wp\/v2\/media?parent=10483"}],"wp:term":[{"taxonomy":"product_brand","embeddable":true,"href":"https:\/\/silkrest.eu\/lt\/wp-json\/wp\/v2\/product_brand?post=10483"},{"taxonomy":"product_cat","embeddable":true,"href":"https:\/\/silkrest.eu\/lt\/wp-json\/wp\/v2\/product_cat?post=10483"},{"taxonomy":"product_tag","embeddable":true,"href":"https:\/\/silkrest.eu\/lt\/wp-json\/wp\/v2\/product_tag?post=10483"}],"curies":[{"name":"wp","href":"https:\/\/api.w.org\/{rel}","templated":true}]}}