{"id":10443,"date":"2025-06-07T13:33:24","date_gmt":"2025-06-07T13:33:24","guid":{"rendered":"https:\/\/silkrest.eu\/?post_type=product&#038;p=10443"},"modified":"2026-01-23T19:36:46","modified_gmt":"2026-01-23T19:36:46","slug":"naturalaus-silko-pagalves-uzvalkalas-50x60-cm-marmuro-marbling","status":"publish","type":"product","link":"https:\/\/silkrest.eu\/lt\/produktas\/naturalaus-silko-pagalves-uzvalkalas-50x60-cm-marmuro-marbling\/","title":{"rendered":"Nat\u016bralaus \u0161ilko pagalv\u0117s u\u017evalkalas 50&#215;60 cm &#8211; Marmuro Marbling"},"content":{"rendered":"<p class=\"\" data-start=\"0\" data-end=\"154\">Atraskite i\u0161skirtin\u012f \u0161velnum\u0105 ir prabang\u0105 \u2013 marmuro ra\u0161to nat\u016bralaus <strong>mulberry \u0161ilko pagalv\u0117s u\u017evalkalas su pasl\u0117ptu u\u017etrauktuku<\/strong>. Tai 100% nat\u016bralus 22 momme \u0161ilkas, pasi\u017eymintis ypatingu blizgesiu ir subtiliu dizainu.<\/p>\n<ul>\n<li data-start=\"441\" data-end=\"551\"><strong>Pagaminta<\/strong>: i\u0161 auk\u0161\u010diausios kokyb\u0117s 22 momme Mulberry \u0161ilko \u2013 \u0161velniausio ir ilgaam\u017ei\u0161kiausio \u0161ilko pasaulyje.<\/li>\n<li data-start=\"554\" data-end=\"633\"><strong>100\u202f% Grade 6A Mulberry \u0161ilkas<\/strong>: maksimalus glotnumas ir nat\u016bralus blizgesys.<\/li>\n<li data-start=\"636\" data-end=\"713\"><strong>Premium kokyb\u0117<\/strong>: \u0161ilkas, kur\u012f renkasi prabangiausi pasaulio preki\u0173 \u017eenklai.<\/li>\n<li class=\"my-0\"><strong>Sertifikatas<\/strong>: OEKO-TEX\u00ae STANDARD 100 \u2013 auk\u0161\u010diausia kokyb\u0117 ir saugumas.<\/li>\n<li class=\"my-0\"><strong data-start=\"849\" data-end=\"861\">Etiket\u0117:<\/strong> prie kiekvieno u\u017evalkalo prisi\u016bta OEKO-TEX\u00ae sertifikato etiket\u0117, \u201eSilkRest\u201c logotipas ir glausta prie\u017ei\u016bros informacija.<\/li>\n<li class=\"my-0\"><strong>U\u017esegimas<\/strong>: patogus pasl\u0117ptas u\u017etrauktukas &#8211; pagalv\u0117 neslysta, naudojimas itin paprastas.<\/li>\n<li class=\"my-0\"><strong>Prabangi \u201eSilkRest\u201c d\u0117\u017eut\u0117<\/strong>: puiki dovana bet kokiai progai.<\/li>\n<\/ul>\n<p class=\"my-0\">Stilingas marmuro ra\u0161tas \u2013 subtili prabanga j\u016bs\u0173 miegamajam!<\/p>\n","protected":false},"excerpt":{"rendered":"<p>Prabangus 100 % mulberry \u0161ilko pagalv\u0117s u\u017evalkalas su marmuro ra\u0161tu, OEKO-TEX\u00ae sertifikuotas, su pasl\u0117ptu u\u017etrauktuku. Apsaugo plaukus, puosel\u0117ja od\u0105. I\u0161skirtinis blizgesys ir eleganti\u0161ka dovana!<\/p>\n","protected":false},"featured_media":6340,"comment_status":"open","ping_status":"closed","template":"","meta":[],"product_brand":[],"product_cat":[107,108,136,131],"product_tag":[401],"class_list":{"0":"post-10443","1":"product","2":"type-product","3":"status-publish","4":"has-post-thumbnail","6":"product_cat-silkine-patalyne","7":"product_cat-silkiniai-pagalviu-uzvalkalai","8":"product_cat-akcijos","9":"product_cat-visos-prekes-is-silko","10":"product_tag-silkinis-pagalves-uzvalkalas-50x60-cm","11":"nt-post-class","12":"","18":"first","19":"instock","20":"sale","21":"shipping-taxable","22":"purchasable","23":"product-type-simple"},"_links":{"self":[{"href":"https:\/\/silkrest.eu\/lt\/wp-json\/wp\/v2\/product\/10443","targetHints":{"allow":["GET"]}}],"collection":[{"href":"https:\/\/silkrest.eu\/lt\/wp-json\/wp\/v2\/product"}],"about":[{"href":"https:\/\/silkrest.eu\/lt\/wp-json\/wp\/v2\/types\/product"}],"replies":[{"embeddable":true,"href":"https:\/\/silkrest.eu\/lt\/wp-json\/wp\/v2\/comments?post=10443"}],"version-history":[{"count":7,"href":"https:\/\/silkrest.eu\/lt\/wp-json\/wp\/v2\/product\/10443\/revisions"}],"predecessor-version":[{"id":11266,"href":"https:\/\/silkrest.eu\/lt\/wp-json\/wp\/v2\/product\/10443\/revisions\/11266"}],"wp:featuredmedia":[{"embeddable":true,"href":"https:\/\/silkrest.eu\/lt\/wp-json\/wp\/v2\/media\/6340"}],"wp:attachment":[{"href":"https:\/\/silkrest.eu\/lt\/wp-json\/wp\/v2\/media?parent=10443"}],"wp:term":[{"taxonomy":"product_brand","embeddable":true,"href":"https:\/\/silkrest.eu\/lt\/wp-json\/wp\/v2\/product_brand?post=10443"},{"taxonomy":"product_cat","embeddable":true,"href":"https:\/\/silkrest.eu\/lt\/wp-json\/wp\/v2\/product_cat?post=10443"},{"taxonomy":"product_tag","embeddable":true,"href":"https:\/\/silkrest.eu\/lt\/wp-json\/wp\/v2\/product_tag?post=10443"}],"curies":[{"name":"wp","href":"https:\/\/api.w.org\/{rel}","templated":true}]}}