{"id":109,"date":"2021-09-10T07:47:31","date_gmt":"2021-09-10T07:47:31","guid":{"rendered":"https:\/\/ninetheme.com\/themes\/goldsmith\/?page_id=109"},"modified":"2025-06-19T08:45:53","modified_gmt":"2025-06-19T08:45:53","slug":"apie-mus","status":"publish","type":"page","link":"https:\/\/silkrest.eu\/lt\/apie-mus\/","title":{"rendered":"Apie mus"},"content":{"rendered":"\t\t<div data-elementor-type=\"wp-page\" data-elementor-id=\"109\" class=\"elementor elementor-109\" data-elementor-post-type=\"page\">\n\t\t\t\t<div class=\"gap- elementor-element elementor-element-10df2b8 nt-section section-padding e-flex e-con-boxed e-con e-parent\" data-id=\"10df2b8\" data-element_type=\"container\" data-e-type=\"container\" data-settings=\"{&quot;background_background&quot;:&quot;classic&quot;}\">\n\t\t\t\t\t<div class=\"e-con-inner\">\n\t\t<div class=\"gap- elementor-element elementor-element-b0a0d19 e-con-full e-flex e-con e-child\" data-id=\"b0a0d19\" data-element_type=\"container\" data-e-type=\"container\">\n\t\t\t\t<div class=\"elementor-element elementor-element-b34bfc6 elementor-widget elementor-widget-goldsmith-widget-label\" data-id=\"b34bfc6\" data-element_type=\"widget\" data-e-type=\"widget\" data-widget_type=\"goldsmith-widget-label.default\">\n\t\t\t\t<div class=\"elementor-widget-container\">\n\t\t\t\t\t<span class=\"goldsmith-widget-label label-solid label-radius label-medium goldsmith-label-dark\">Silkrest.eu<\/span>\t\t\t\t<\/div>\n\t\t\t\t<\/div>\n\t\t\t\t<div class=\"elementor-element elementor-element-ebe03a1 goldsmith-transform transform-type-translate elementor-widget elementor-widget-heading\" data-id=\"ebe03a1\" data-element_type=\"widget\" data-e-type=\"widget\" data-widget_type=\"heading.default\">\n\t\t\t\t<div class=\"elementor-widget-container\">\n\t\t\t\t\t<h1 class=\"elementor-heading-title elementor-size-default\">Apie mus<\/h1>\t\t\t\t<\/div>\n\t\t\t\t<\/div>\n\t\t\t\t<div class=\"elementor-element elementor-element-ea1f96a goldsmith-transform transform-type-translate elementor-widget elementor-widget-heading\" data-id=\"ea1f96a\" data-element_type=\"widget\" data-e-type=\"widget\" data-widget_type=\"heading.default\">\n\t\t\t\t<div class=\"elementor-widget-container\">\n\t\t\t\t\t<p class=\"elementor-heading-title elementor-size-default\">SilkRest \u2013 elektronin\u0117 parduotuv\u0117, kurioje atrinkti tik auk\u0161\u010diausios kokyb\u0117s \u0161ilko gaminiai, kurie suteikia prabangos, patogumo ir nat\u016bralios elegancijos poj\u016bt\u012f kiekvien\u0105 dien\u0105.\nM\u016bs\u0173 prek\u0117s \u017eenklas gim\u0117 i\u0161 meil\u0117s kokybei ir nat\u016bralumui, tod\u0117l si\u016blome tik 100 % Mulberry \u0161ilko gaminius: patalyn\u0119, miego drabu\u017eius ir aksesuarus.<\/p>\t\t\t\t<\/div>\n\t\t\t\t<\/div>\n\t\t\t\t<\/div>\n\t\t\t\t\t<\/div>\n\t\t\t\t<\/div>\n\t\t<div class=\"gap- elementor-element elementor-element-7c5a344 nt-section section-padding e-flex e-con-boxed e-con e-parent\" data-id=\"7c5a344\" data-element_type=\"container\" data-e-type=\"container\">\n\t\t\t\t\t<div class=\"e-con-inner\">\n\t\t<div class=\"gap- elementor-element elementor-element-32c35fa e-con-full e-flex e-con e-child\" data-id=\"32c35fa\" data-element_type=\"container\" data-e-type=\"container\">\n\t\t\t\t<div class=\"elementor-element elementor-element-99da73a goldsmith-transform transform-type-translate elementor-widget elementor-widget-heading\" data-id=\"99da73a\" data-element_type=\"widget\" data-e-type=\"widget\" data-widget_type=\"heading.default\">\n\t\t\t\t<div class=\"elementor-widget-container\">\n\t\t\t\t\t<h2 class=\"elementor-heading-title elementor-size-default\">M\u016bs\u0173 tikslas \u2013 suteikti kokyb\u0119, nat\u016bralum\u0105 ir komfort\u0105 su kiekvienu \u0161ilko prisilietimu<\/h2>\t\t\t\t<\/div>\n\t\t\t\t<\/div>\n\t\t\t\t<div class=\"elementor-element elementor-element-2464f7f adw-emoji elementor-widget elementor-widget-text-editor\" data-id=\"2464f7f\" data-element_type=\"widget\" data-e-type=\"widget\" data-widget_type=\"text-editor.default\">\n\t\t\t\t<div class=\"elementor-widget-container\">\n\t\t\t\t\t\t\t\t\t<p>Gyvename pasaulyje, kuriame nat\u016bralumas tampa ne prabanga, o b\u016btinybe. Tod\u0117l gra\u017eu ir gerbtina, kai pasirenkamas 100 % Mulberry nat\u016bralus \u0161ilkas \u2013 \u0161varus, ekologi\u0161kas ir visi\u0161kai biologi\u0161kai suyrantis audinys, nekenkiantis nei \u017emogui, nei gamtai.\u00a0Tai daugiau nei audinys \u2013 tai sveikesn\u0117 ir tvaresn\u0117 ateitis. Jo gamyba nereikalauja agresyvi\u0173 chemikal\u0173, o pats pluo\u0161tas i\u0161lieka ilgaam\u017eis ir nat\u016braliai suyrantis aplinkoje.\u00a0Rinkdamiesi \u0161ilk\u0105, pasirenkame s\u0105moning\u0105, esteti\u0161k\u0105 ir gamtai draugi\u0161k\u0105 gyvenimo b\u016bd\u0105 \u2013\u00a0nes tikroji prabanga yra tai, kas tvaru.<\/p><p><img decoding=\"async\" class=\"emoji\" role=\"img\" draggable=\"false\" src=\"https:\/\/s.w.org\/images\/core\/emoji\/15.1.0\/svg\/2728.svg\" alt=\"\u2728\" \/>\u00a0Tikras \u0161ilkas, tikras poilsis \u2013 nat\u016bralus Mulberry \u0161ilkas prisitaiko prie k\u016bno temperat\u016bros, suteikia lengvumo ir komforto poj\u016bt\u012f.<br \/><img decoding=\"async\" class=\"emoji\" role=\"img\" draggable=\"false\" src=\"https:\/\/s.w.org\/images\/core\/emoji\/15.1.0\/svg\/2728.svg\" alt=\"\u2728\" \/>\u00a0Gro\u017eis per nakt\u012f \u2013 \u0161ilkas \u0161velnus odai, ma\u017eina plauk\u0173 \u0161iau\u0161im\u0105si ir saugo nuo rauk\u0161leli\u0173 susidarymo.<br \/><img decoding=\"async\" class=\"emoji\" role=\"img\" draggable=\"false\" src=\"https:\/\/s.w.org\/images\/core\/emoji\/15.1.0\/svg\/2728.svg\" alt=\"\u2728\" \/>\u00a0Tvarumas ir kokyb\u0117 \u2013 ilgaam\u017eiai, kv\u0117puojantys audiniai, kuriuos verta tur\u0117ti kiekvieno namuose.<\/p><p>Mes tikime, kad gera savijauta prasideda nuo ma\u017e\u0173 detali\u0173 \u2013 atraskite tikro \u0161ilko prabang\u0105 su\u00a0silkrest.eu!<\/p>\t\t\t\t\t\t\t\t<\/div>\n\t\t\t\t<\/div>\n\t\t\t\t<\/div>\n\t\t<div class=\"gap- elementor-element elementor-element-fac8c6f e-con-full e-flex e-con e-child\" data-id=\"fac8c6f\" data-element_type=\"container\" data-e-type=\"container\">\n\t\t\t\t<div class=\"elementor-element elementor-element-97bf619 elementor-widget elementor-widget-image\" data-id=\"97bf619\" data-element_type=\"widget\" data-e-type=\"widget\" data-widget_type=\"image.default\">\n\t\t\t\t<div class=\"elementor-widget-container\">\n\t\t\t\t\t\t\t\t\t\t\t\t\t\t\t<img fetchpriority=\"high\" decoding=\"async\" width=\"657\" height=\"844\" src=\"https:\/\/silkrest.eu\/wp-content\/uploads\/2025\/02\/silko-patalyne-100-mulberry-silkas-1.webp\" class=\"attachment-medium_large size-medium_large wp-image-6357\" alt=\"apie mus\" \/>\t\t\t\t\t\t\t\t\t\t\t\t\t\t\t<\/div>\n\t\t\t\t<\/div>\n\t\t\t\t<\/div>\n\t\t\t\t\t<\/div>\n\t\t\t\t<\/div>\n\t\t\t\t<\/div>\n\t\t","protected":false},"excerpt":{"rendered":"<p>Silkrest.eu Apie mus SilkRest \u2013 elektronin\u0117 parduotuv\u0117, kurioje atrinkti tik auk\u0161\u010diausios kokyb\u0117s \u0161ilko gaminiai, kurie suteikia prabangos, patogumo ir nat\u016bralios elegancijos poj\u016bt\u012f kiekvien\u0105 dien\u0105. M\u016bs\u0173 prek\u0117s \u017eenklas gim\u0117 i\u0161 meil\u0117s kokybei ir nat\u016bralumui, tod\u0117l si\u016blome tik 100 % Mulberry \u0161ilko gaminius: patalyn\u0119, miego drabu\u017eius ir aksesuarus. M\u016bs\u0173 tikslas \u2013 suteikti kokyb\u0119, nat\u016bralum\u0105 ir komfort\u0105 su&#8230;<\/p>\n","protected":false},"author":12,"featured_media":0,"parent":0,"menu_order":0,"comment_status":"closed","ping_status":"closed","template":"","meta":{"footnotes":""},"class_list":{"0":"post-109","1":"page","2":"type-page","3":"status-publish","4":"hentry","5":"nt-post-class","6":"","7":"thumb-none","9":"excerpt-none"},"_links":{"self":[{"href":"https:\/\/silkrest.eu\/lt\/wp-json\/wp\/v2\/pages\/109","targetHints":{"allow":["GET"]}}],"collection":[{"href":"https:\/\/silkrest.eu\/lt\/wp-json\/wp\/v2\/pages"}],"about":[{"href":"https:\/\/silkrest.eu\/lt\/wp-json\/wp\/v2\/types\/page"}],"author":[{"embeddable":true,"href":"https:\/\/silkrest.eu\/lt\/wp-json\/wp\/v2\/users\/12"}],"replies":[{"embeddable":true,"href":"https:\/\/silkrest.eu\/lt\/wp-json\/wp\/v2\/comments?post=109"}],"version-history":[{"count":9,"href":"https:\/\/silkrest.eu\/lt\/wp-json\/wp\/v2\/pages\/109\/revisions"}],"predecessor-version":[{"id":10556,"href":"https:\/\/silkrest.eu\/lt\/wp-json\/wp\/v2\/pages\/109\/revisions\/10556"}],"wp:attachment":[{"href":"https:\/\/silkrest.eu\/lt\/wp-json\/wp\/v2\/media?parent=109"}],"curies":[{"name":"wp","href":"https:\/\/api.w.org\/{rel}","templated":true}]}}